{"id":10,"date":"2024-10-16T16:58:38","date_gmt":"2024-10-16T19:58:38","guid":{"rendered":"https:\/\/spatuah.com.br\/wp_aux\/?page_id=10"},"modified":"2024-10-16T17:18:37","modified_gmt":"2024-10-16T20:18:37","slug":"spa-tuah-granja-avaliacoes","status":"publish","type":"page","link":"https:\/\/spatuah.com.br\/wp_aux\/spa-tuah-granja-avaliacoes\/","title":{"rendered":"Spa Tuah &#8211; Granja Avalia\u00e7\u00f5es"},"content":{"rendered":"\t\t<div data-elementor-type=\"wp-page\" data-elementor-id=\"10\" class=\"elementor elementor-10\" data-elementor-post-type=\"page\">\n\t\t\t\t<div class=\"elementor-element elementor-element-95a563d e-con-full e-flex e-con e-parent\" data-id=\"95a563d\" data-element_type=\"container\">\n\t\t\t\t<div class=\"elementor-element elementor-element-c237b76 elementor-widget elementor-widget-shortcode\" data-id=\"c237b76\" data-element_type=\"widget\" data-widget_type=\"shortcode.default\">\n\t\t\t\t<div class=\"elementor-widget-container\">\n\t\t\t\t\t<div class=\"elementor-shortcode\"><pre class=\"ti-widget\" style=\"display: none\"><div class=\"ti-widget ti-goog ti-disable-font ti-review-text-mode-truncated ti-content-align-center\" data-no-translation=\"true\" data-time-locale=\"%d %s atr\u00e1s|hoje|dia|dias|semana|semanas|m\u00eas|meses|ano|anos\" data-layout-id=\"36\" data-set-id=\"soft\" data-pid=\"\" data-language=\"pt\" data-version=\"2\" data-review-target-width=\"300\" data-review-text-mode=\"readmore\" data-pager-autoplay-timeout=\"6\" > <div class=\"ti-widget-container ti-col-3\"> <div class=\"ti-reviews-container\"> <div class=\"ti-controls\"> <div class=\"ti-next\" aria-label=\"Pr\u00f3xima avalia\u00e7\u00e3o\" role=\"button\"><\/div> <div class=\"ti-prev\" aria-label=\"Avalia\u00e7\u00e3o anterior\" role=\"button\"><\/div> <\/div> <div class=\"ti-reviews-container-wrapper\">  <div data-empty=\"0\" data-time=\"1727136000\" class=\"ti-review-item source-Google ti-image-layout-thumbnail\" data-id=\"cfcd208495d565ef66e7dff9f98764da\" > <div class=\"ti-inner\"> <div class=\"ti-review-header\"> <div class=\"ti-profile-img\"> <img decoding=\"async\" src=\"https:\/\/lh3.googleusercontent.com\/a\/ACg8ocLRzGURsUKZ58A1AZ5ILDeqrCpaSrj0qvbgHs9A9G0uDXTK4PQ=w64-h64-c-rp-mo-ba3-br100\" srcset=\"https:\/\/lh3.googleusercontent.com\/a\/ACg8ocLRzGURsUKZ58A1AZ5ILDeqrCpaSrj0qvbgHs9A9G0uDXTK4PQ=w128-h128-c-rp-mo-ba3-br100 2x\" alt=\"Luciana Agopian\" loading=\"lazy\" \/> <\/div> <div class=\"ti-profile-details\"> <div class=\"ti-name\"> Luciana Agopian <\/div> <div class=\"ti-date\"><\/div> <\/div> <\/div> <span class=\"ti-stars\"><span class=\"ti-star f\"><\/span><span class=\"ti-star f\"><\/span><span class=\"ti-star f\"><\/span><span class=\"ti-star f\"><\/span><span class=\"ti-star f\"><\/span><\/span> <div class=\"ti-review-text-container ti-review-content\"><!-- R-CONTENT -->Adorei! Atendimento \u00f3timo, lugar bem bonito e relaxante, tomei um chazinho qdo cheguei e amei a drenagem! Super recomendo!<!-- R-CONTENT --><\/div> <span class=\"ti-read-more\" data-container=\".ti-review-content\" data-collapse-text=\"Esconder\" data-open-text=\"Consulte Mais informa\u00e7\u00e3o\" ><\/span> <\/div> <\/div>  <div data-empty=\"0\" data-time=\"1725062400\" class=\"ti-review-item source-Google ti-image-layout-thumbnail\" data-id=\"cfcd208495d565ef66e7dff9f98764da\" > <div class=\"ti-inner\"> <div class=\"ti-review-header\"> <div class=\"ti-profile-img\"> <img decoding=\"async\" src=\"https:\/\/lh3.googleusercontent.com\/a-\/ALV-UjWoZPwTlhFazW3ZbYYobS8D2x5YpBPNxfQzAsO3zVZoXZU2dDGF=w64-h64-c-rp-mo-br100\" srcset=\"https:\/\/lh3.googleusercontent.com\/a-\/ALV-UjWoZPwTlhFazW3ZbYYobS8D2x5YpBPNxfQzAsO3zVZoXZU2dDGF=w128-h128-c-rp-mo-br100 2x\" alt=\"jefferson willian\" loading=\"lazy\" \/> <\/div> <div class=\"ti-profile-details\"> <div class=\"ti-name\"> jefferson willian <\/div> <div class=\"ti-date\"><\/div> <\/div> <\/div> <span class=\"ti-stars\"><span class=\"ti-star f\"><\/span><span class=\"ti-star f\"><\/span><span class=\"ti-star f\"><\/span><span class=\"ti-star f\"><\/span><span class=\"ti-star f\"><\/span><\/span> <div class=\"ti-review-text-container ti-review-content\"><!-- R-CONTENT -->Que experi\u00eancia maravilhosa tive eu e minha esposa, Beth e Samara foram duas profissionais incr\u00edveis que fizeram nossa mente e corpo relaxarem.<!-- R-CONTENT --><\/div> <span class=\"ti-read-more\" data-container=\".ti-review-content\" data-collapse-text=\"Esconder\" data-open-text=\"Consulte Mais informa\u00e7\u00e3o\" ><\/span> <\/div> <\/div>  <div data-empty=\"0\" data-time=\"1723075200\" class=\"ti-review-item source-Google ti-image-layout-thumbnail\" data-id=\"cfcd208495d565ef66e7dff9f98764da\" > <div class=\"ti-inner\"> <div class=\"ti-review-header\"> <div class=\"ti-profile-img\"> <img decoding=\"async\" src=\"https:\/\/lh3.googleusercontent.com\/a-\/ALV-UjWvw24H6Jo9LxHQ-31F3fpcG_TiToaGQHbvuyZ_Mi6GKFvJxg5O=w64-h64-c-rp-mo-br100\" srcset=\"https:\/\/lh3.googleusercontent.com\/a-\/ALV-UjWvw24H6Jo9LxHQ-31F3fpcG_TiToaGQHbvuyZ_Mi6GKFvJxg5O=w128-h128-c-rp-mo-br100 2x\" alt=\"Daniela Rabadan\" loading=\"lazy\" \/> <\/div> <div class=\"ti-profile-details\"> <div class=\"ti-name\"> Daniela Rabadan <\/div> <div class=\"ti-date\"><\/div> <\/div> <\/div> <span class=\"ti-stars\"><span class=\"ti-star f\"><\/span><span class=\"ti-star f\"><\/span><span class=\"ti-star f\"><\/span><span class=\"ti-star f\"><\/span><span class=\"ti-star f\"><\/span><\/span> <div class=\"ti-review-text-container ti-review-content\"><!-- R-CONTENT -->Hoje tive uma experi\u00eancia maravilhosa. J\u00e1 conhecia a unidade de Osasco, e a daqui da Granja ficou linda!\nRecomendo a todos que experimentem.\nComo estou de mudan\u00e7a para S\u00e3o Paulo desejo que abram logo uma unidade por l\u00e1.\nParab\u00e9ns. Atendimento nota mil.<!-- R-CONTENT --><\/div> <span class=\"ti-read-more\" data-container=\".ti-review-content\" data-collapse-text=\"Esconder\" data-open-text=\"Consulte Mais informa\u00e7\u00e3o\" ><\/span> <\/div> <\/div>  <\/div> <div class=\"ti-controls-line\"> <div class=\"dot\"><\/div> <\/div> <\/div>   <\/div> <\/div> <\/pre><\/div>\n\t\t\t\t<\/div>\n\t\t\t\t<\/div>\n\t\t\t\t<\/div>\n\t\t\t\t<\/div>\n\t\t","protected":false},"excerpt":{"rendered":"","protected":false},"author":1,"featured_media":0,"parent":0,"menu_order":0,"comment_status":"closed","ping_status":"closed","template":"","meta":{"footnotes":""},"class_list":["post-10","page","type-page","status-publish","hentry"],"_links":{"self":[{"href":"https:\/\/spatuah.com.br\/wp_aux\/wp-json\/wp\/v2\/pages\/10","targetHints":{"allow":["GET"]}}],"collection":[{"href":"https:\/\/spatuah.com.br\/wp_aux\/wp-json\/wp\/v2\/pages"}],"about":[{"href":"https:\/\/spatuah.com.br\/wp_aux\/wp-json\/wp\/v2\/types\/page"}],"author":[{"embeddable":true,"href":"https:\/\/spatuah.com.br\/wp_aux\/wp-json\/wp\/v2\/users\/1"}],"replies":[{"embeddable":true,"href":"https:\/\/spatuah.com.br\/wp_aux\/wp-json\/wp\/v2\/comments?post=10"}],"version-history":[{"count":13,"href":"https:\/\/spatuah.com.br\/wp_aux\/wp-json\/wp\/v2\/pages\/10\/revisions"}],"predecessor-version":[{"id":33,"href":"https:\/\/spatuah.com.br\/wp_aux\/wp-json\/wp\/v2\/pages\/10\/revisions\/33"}],"wp:attachment":[{"href":"https:\/\/spatuah.com.br\/wp_aux\/wp-json\/wp\/v2\/media?parent=10"}],"curies":[{"name":"wp","href":"https:\/\/api.w.org\/{rel}","templated":true}]}}